{"id":3,"date":"2023-09-17T16:27:36","date_gmt":"2023-09-17T16:27:36","guid":{"rendered":"https:\/\/formacao.marisaleal.pt\/?page_id=3"},"modified":"2024-09-25T19:18:16","modified_gmt":"2024-09-25T19:18:16","slug":"politica-privacidade","status":"publish","type":"page","link":"https:\/\/formacao.marisaleal.pt\/?page_id=3","title":{"rendered":"Pol\u00edtica de privacidade"},"content":{"rendered":"\n<h2 class=\"wp-block-heading\"><strong>Pol\u00edtica de Privacidade:<\/strong><\/h2>\n\n\n\n<p class=\"wp-block-paragraph\">\u00c9 nossa pol\u00edtica tratar os seus dados pessoais com discri\u00e7\u00e3o e proteg\u00ea-los de acordo com o Regulamento Geral de Prote\u00e7\u00e3o de dados n.\u00ba 2016\/679 do Parlamento Europeu e do Conselho de 27 de Abril de 2016.<\/p>\n\n\n\n<h2 class=\"wp-block-heading\"><strong>Respons\u00e1vel pelo tratamento dos dados:<\/strong><\/h2>\n\n\n\n<p class=\"wp-block-paragraph\">MARISA ALEXANDRA LEAL, UNIPESSOAL, LDA<\/p>\n\n\n\n<p class=\"wp-block-paragraph\">Rua de Fund\u00f5es, 151, Sala &#8211; B-1-3 | 3700-121 S\u00e3o Jo\u00e3o da Madeira<\/p>\n\n\n\n<p class=\"wp-block-paragraph\">+351918596554&nbsp;(Chamada para rede m\u00f3vel nacional) |&nbsp;<strong><u><a href=\"mailto:info@marisaleal.pt\">info@marisaleal.pt<\/a><\/u><\/strong><\/p>\n\n\n\n<h2 class=\"wp-block-heading\">Pol\u00edtica de Cookies:<\/h2>\n\n\n\n<p class=\"wp-block-paragraph\">Este website utiliza cookies para melhorar a funcionalidade e a sua experi\u00eancia de utiliza\u00e7\u00e3o do mesmo. Ao navegar neste website est\u00e1 a consentir a utiliza\u00e7\u00e3o de cookies.<\/p>\n\n\n\n<h3 class=\"wp-block-heading\">O que s\u00e3o cookies?<\/h3>\n\n\n\n<p class=\"wp-block-paragraph\">Os cookies s\u00e3o pequenos ficheiros de texto que cont\u00e9m informa\u00e7\u00e3o an\u00f3nima guardados no dispositivo de um utilizador aquando da visita a determinados websites. Em visitas subsequentes, o ficheiro \u00e9 enviado de volta para o website que o originou permitindo identificar as prefer\u00eancias de um utilizador.<br>Estes ficheiros permitem que, durante um certo per\u00edodo de tempo, o website se recorde das suas a\u00e7\u00f5es e prefer\u00eancias de navega\u00e7\u00e3o.<\/p>\n\n\n\n<h3 class=\"wp-block-heading\">Para que servem os cookies?<\/h3>\n\n\n\n<p class=\"wp-block-paragraph\">Os cookies s\u00e3o algo muito utilizado na internet para assegurar o funcionamento dos websites e tamb\u00e9m para fornecer informa\u00e7\u00e3o importante aos seus gestores, permitindo uma navega\u00e7\u00e3o mais r\u00e1pida e eficiente.<\/p>\n\n\n\n<h3 class=\"wp-block-heading\">Como gerir os cookies?<\/h3>\n\n\n\n<p class=\"wp-block-paragraph\">Os cookies podem ser geridos atrav\u00e9s das defini\u00e7\u00f5es do seu browser. Os cookies podem reunir informa\u00e7\u00f5es legalmente qualificadas como \u00abdados pessoais\u00bb. Para mais informa\u00e7\u00f5es consulte a nossa Pol\u00edtica de Privacidade.<\/p>\n\n\n\n<h2 class=\"wp-block-heading\">Dados Recolhidos:<\/h2>\n\n\n\n<p class=\"wp-block-paragraph\">A informa\u00e7\u00e3o pessoal que poder\u00e1 ser recolhida atrav\u00e9s deste website inclui o nome, e-mail e contacto telef\u00f3nico.<\/p>\n\n\n\n<h3 class=\"wp-block-heading\">Finalidade do tratamento dos dados<\/h3>\n\n\n\n<p class=\"wp-block-paragraph\">Os dados fornecidos ser\u00e3o usados para:<\/p>\n\n\n\n<ul class=\"wp-block-list\">\n<li>Envio de informa\u00e7\u00e3o relacionada com a presta\u00e7\u00e3o dos nossos servi\u00e7os e produtos. De acordo com as informa\u00e7\u00f5es prestadas sobre a Empresa poder\u00e1 ser criado um perfil de interesse. Este perfil n\u00e3o est\u00e1 associado \u00e0 pessoa, mas sim \u00e0 Empresa.<\/li>\n\n\n\n<li>Confirmar o cumprimento de pr\u00e9-requisitos para a frequ\u00eancia da forma\u00e7\u00e3o determinados pela legisla\u00e7\u00e3o em vigor ou pela Entidade organizadora da forma\u00e7\u00e3o.<\/li>\n\n\n\n<li>Obter os dados necess\u00e1rios ao registo na plataforma SIGO para consequente emiss\u00e3o de certificado de forma\u00e7\u00e3o profissional em conformidade com a Portaria 474\/2010. A plataforma SIGO \u00e9 da responsabilidade do Instituto de Emprego e Forma\u00e7\u00e3o Profissional.<\/li>\n<\/ul>\n\n\n\n<h3 class=\"wp-block-heading\">Prazo de Conserva\u00e7\u00e3o dos dados<\/h3>\n\n\n\n<p class=\"wp-block-paragraph\">Os dados fornecidos ser\u00e3o conservados enquanto se mantiver como elemento de contacto com a Empresa.<\/p>\n\n\n\n<h3 class=\"wp-block-heading\">Direitos do titular de dados<\/h3>\n\n\n\n<p class=\"wp-block-paragraph\">Enquanto titular dos dados tem o direito de:<\/p>\n\n\n\n<ul class=\"wp-block-list\">\n<li>Solicitar acesso aos dados pessoais que lhe digam respeito, a sua retifica\u00e7\u00e3o, a sua elimina\u00e7\u00e3o, a limita\u00e7\u00e3o do tratamento, a oposi\u00e7\u00e3o ao tratamento, e a portabilidade dos dados, garantindo-se o cumprimento das obriga\u00e7\u00f5es legais e contratuais.<\/li>\n\n\n\n<li>Retirar o consentimento em qualquer altura, sem comprometer a licitude do tratamento efetuado com base no consentimento previamente dado.<\/li>\n\n\n\n<li>Ser notificado, nos termos previsto no Regulamento 2016\/679, caso ocorra uma viola\u00e7\u00e3o dos seus dados pessoais.<\/li>\n\n\n\n<li>Apresentar reclama\u00e7\u00e3o \u00e0 Comiss\u00e3o Nacional de Prote\u00e7\u00e3o de Dados.<\/li>\n<\/ul>\n\n\n\n<p class=\"wp-block-paragraph\">Poder\u00e1 exercer os seus direitos a partir do\u00a0<strong><u><a href=\"https:\/\/marisaleal.pt\/?page_id=417\">Formul\u00e1rio de Consentimento de Dados Pessoais<\/a><\/u><\/strong>\u00a0ou atrav\u00e9s do email:\u00a0<strong><u><a href=\"mailto:info@marisaleal.pt\">protecaodedados@marisaleal.pt<\/a><\/u><\/strong><\/p>\n\n\n\n<h2 class=\"wp-block-heading\">&nbsp;Seguran\u00e7a dos dados<\/h2>\n\n\n\n<p class=\"wp-block-paragraph\">A MARISA LEAL assume o compromisso de garantir a prote\u00e7\u00e3o da seguran\u00e7a dos dados pessoais que lhe s\u00e3o disponibilizados.<\/p>\n\n\n\n<p class=\"wp-block-paragraph\">Para isso, utilizamos v\u00e1rias camadas de seguran\u00e7a (ex: Firewalls) que nos ajudam a cumprir esse prop\u00f3sito, combinando ferramentas de seguran\u00e7a, servidores e protocolos seguros. Os dados pessoais recolhidos s\u00e3o guardados em servidores seguros, com acesso limitado e fisicamente localizados na Uni\u00e3o Europeia.<\/p>\n\n\n\n<p class=\"wp-block-paragraph\">O uso deste website pressup\u00f5e o conhecimento integral desta Pol\u00edtica de Privacidade.<\/p>\n\n\n\n<h2 class=\"wp-block-heading\">&nbsp;Altera\u00e7\u00f5es \u00e0 nossa pol\u00edtica de privacidade<\/h2>\n\n\n\n<p class=\"wp-block-paragraph\">Ocasionalmente poderemos atualizar os dados constantes da nossa Pol\u00edtica de Privacidade. Consulte esta p\u00e1gina para se manter informado sobre qualquer altera\u00e7\u00e3o.<\/p>\n","protected":false},"excerpt":{"rendered":"<p>Pol\u00edtica de Privacidade: \u00c9 nossa pol\u00edtica tratar os seus dados pessoais com discri\u00e7\u00e3o e proteg\u00ea-los de acordo com o Regulamento Geral de Prote\u00e7\u00e3o de dados n.\u00ba 2016\/679 do Parlamento Europeu e do Conselho de 27 de Abril de 2016. Respons\u00e1vel pelo tratamento dos dados: MARISA ALEXANDRA LEAL, UNIPESSOAL, LDA Rua de Fund\u00f5es, 151, Sala &#8211; [&hellip;]<\/p>\n","protected":false},"author":1,"featured_media":0,"parent":0,"menu_order":0,"comment_status":"closed","ping_status":"open","template":"","meta":{"_coblocks_attr":"","_coblocks_dimensions":"","_coblocks_responsive_height":"","_coblocks_accordion_ie_support":"","_crdt_document":"","_uag_custom_page_level_css":"","site-sidebar-layout":"default","site-content-layout":"","ast-site-content-layout":"normal-width-container","site-content-style":"boxed","site-sidebar-style":"default","ast-global-header-display":"","ast-banner-title-visibility":"","ast-main-header-display":"","ast-hfb-above-header-display":"","ast-hfb-below-header-display":"","ast-hfb-mobile-header-display":"","site-post-title":"disabled","ast-breadcrumbs-content":"","ast-featured-img":"","footer-sml-layout":"","ast-disable-related-posts":"","theme-transparent-header-meta":"","adv-header-id-meta":"","stick-header-meta":"","header-above-stick-meta":"","header-main-stick-meta":"","header-below-stick-meta":"","astra-migrate-meta-layouts":"","ast-page-background-enabled":"default","ast-page-background-meta":{"desktop":{"background-color":"var(--ast-global-color-4)","background-image":"","background-repeat":"repeat","background-position":"center center","background-size":"auto","background-attachment":"scroll","background-type":"","background-media":"","overlay-type":"","overlay-color":"","overlay-opacity":"","overlay-gradient":""},"tablet":{"background-color":"","background-image":"","background-repeat":"repeat","background-position":"center center","background-size":"auto","background-attachment":"scroll","background-type":"","background-media":"","overlay-type":"","overlay-color":"","overlay-opacity":"","overlay-gradient":""},"mobile":{"background-color":"","background-image":"","background-repeat":"repeat","background-position":"center center","background-size":"auto","background-attachment":"scroll","background-type":"","background-media":"","overlay-type":"","overlay-color":"","overlay-opacity":"","overlay-gradient":""}},"ast-content-background-meta":{"desktop":{"background-color":"var(--ast-global-color-5)","background-image":"","background-repeat":"repeat","background-position":"center center","background-size":"auto","background-attachment":"scroll","background-type":"","background-media":"","overlay-type":"","overlay-color":"","overlay-opacity":"","overlay-gradient":""},"tablet":{"background-color":"var(--ast-global-color-5)","background-image":"","background-repeat":"repeat","background-position":"center center","background-size":"auto","background-attachment":"scroll","background-type":"","background-media":"","overlay-type":"","overlay-color":"","overlay-opacity":"","overlay-gradient":""},"mobile":{"background-color":"var(--ast-global-color-5)","background-image":"","background-repeat":"repeat","background-position":"center center","background-size":"auto","background-attachment":"scroll","background-type":"","background-media":"","overlay-type":"","overlay-color":"","overlay-opacity":"","overlay-gradient":""}},"footnotes":""},"class_list":["post-3","page","type-page","status-publish","hentry"],"uagb_featured_image_src":{"full":false,"thumbnail":false,"medium":false,"medium_large":false,"large":false,"1536x1536":false,"2048x2048":false,"wpucv-grid-three":false,"wpucv-grid-two":false,"wpucv-grid-one":false,"wpucv-classic":false,"wpucv-classic-small":false,"wpucv-galary":false},"uagb_author_info":{"display_name":false,"author_link":"https:\/\/formacao.marisaleal.pt\/?author=1"},"uagb_comment_info":0,"uagb_excerpt":"Pol\u00edtica de Privacidade: \u00c9 nossa pol\u00edtica tratar os seus dados pessoais com discri\u00e7\u00e3o e proteg\u00ea-los de acordo com o Regulamento Geral de Prote\u00e7\u00e3o de dados n.\u00ba 2016\/679 do Parlamento Europeu e do Conselho de 27 de Abril de 2016. Respons\u00e1vel pelo tratamento dos dados: MARISA ALEXANDRA LEAL, UNIPESSOAL, LDA Rua de Fund\u00f5es, 151, Sala &#8211;&hellip;","_links":{"self":[{"href":"https:\/\/formacao.marisaleal.pt\/index.php?rest_route=\/wp\/v2\/pages\/3","targetHints":{"allow":["GET"]}}],"collection":[{"href":"https:\/\/formacao.marisaleal.pt\/index.php?rest_route=\/wp\/v2\/pages"}],"about":[{"href":"https:\/\/formacao.marisaleal.pt\/index.php?rest_route=\/wp\/v2\/types\/page"}],"author":[{"embeddable":true,"href":"https:\/\/formacao.marisaleal.pt\/index.php?rest_route=\/wp\/v2\/users\/1"}],"replies":[{"embeddable":true,"href":"https:\/\/formacao.marisaleal.pt\/index.php?rest_route=%2Fwp%2Fv2%2Fcomments&post=3"}],"version-history":[{"count":4,"href":"https:\/\/formacao.marisaleal.pt\/index.php?rest_route=\/wp\/v2\/pages\/3\/revisions"}],"predecessor-version":[{"id":851,"href":"https:\/\/formacao.marisaleal.pt\/index.php?rest_route=\/wp\/v2\/pages\/3\/revisions\/851"}],"wp:attachment":[{"href":"https:\/\/formacao.marisaleal.pt\/index.php?rest_route=%2Fwp%2Fv2%2Fmedia&parent=3"}],"curies":[{"name":"wp","href":"https:\/\/api.w.org\/{rel}","templated":true}]}}