{"id":873,"date":"2024-09-28T16:39:30","date_gmt":"2024-09-28T16:39:30","guid":{"rendered":"https:\/\/formacao.marisaleal.pt\/?page_id=873"},"modified":"2024-12-19T12:02:38","modified_gmt":"2024-12-19T12:02:38","slug":"home","status":"publish","type":"page","link":"https:\/\/formacao.marisaleal.pt\/","title":{"rendered":"Home"},"content":{"rendered":"\n<div class=\"wp-block-cover alignfull is-light\" style=\"min-height:725px;aspect-ratio:unset;\"><span aria-hidden=\"true\" class=\"wp-block-cover__background has-background-dim-100 has-background-dim has-background-gradient\" style=\"background:linear-gradient(142deg,rgb(0,0,0) 36%,rgb(105,112,111) 87%,rgb(225,225,225) 100%)\"><\/span><div class=\"wp-block-cover__inner-container is-layout-flow wp-block-cover-is-layout-flow\">\n<div class=\"inherit-container-width wp-block-group alignwide is-layout-constrained wp-block-group-is-layout-constrained\">\n<div class=\"wp-block-media-text alignwide has-media-on-the-right is-stacked-on-mobile is-vertically-aligned-center\" style=\"grid-template-columns:auto 27%\"><div class=\"wp-block-media-text__content\">\n<h1 class=\"wp-block-heading has-text-align-left has-white-color has-text-color\">Academia Marisa Leal <\/h1>\n\n\n\n<p class=\"wp-block-paragraph\"><\/p>\n\n\n\n<blockquote class=\"wp-block-quote is-layout-flow wp-block-quote-is-layout-flow\">\n<p class=\"wp-block-paragraph\">&#8220;Aprender \u00e9 a \u00fanica coisa que a mente nunca se cansa, nunca tem medo e nunca se arrepende.&#8221; &#8211; Leonardo da Vinci<\/p>\n<\/blockquote>\n\n\n\n<div class=\"wp-block-buttons is-layout-flex wp-block-buttons-is-layout-flex\"><\/div>\n<\/div><figure class=\"wp-block-media-text__media\"><img loading=\"lazy\" decoding=\"async\" width=\"1024\" height=\"683\" src=\"https:\/\/formacao.marisaleal.pt\/wp-content\/uploads\/2024\/09\/pexels-pixabay-267582-1024x683.jpg\" alt=\"\" class=\"wp-image-340 size-full\" srcset=\"https:\/\/formacao.marisaleal.pt\/wp-content\/uploads\/2024\/09\/pexels-pixabay-267582-1024x683.jpg 1024w, https:\/\/formacao.marisaleal.pt\/wp-content\/uploads\/2024\/09\/pexels-pixabay-267582-300x200.jpg 300w, https:\/\/formacao.marisaleal.pt\/wp-content\/uploads\/2024\/09\/pexels-pixabay-267582-768x512.jpg 768w, https:\/\/formacao.marisaleal.pt\/wp-content\/uploads\/2024\/09\/pexels-pixabay-267582-1536x1024.jpg 1536w, https:\/\/formacao.marisaleal.pt\/wp-content\/uploads\/2024\/09\/pexels-pixabay-267582-2048x1365.jpg 2048w, https:\/\/formacao.marisaleal.pt\/wp-content\/uploads\/2024\/09\/pexels-pixabay-267582-500x333.jpg 500w, https:\/\/formacao.marisaleal.pt\/wp-content\/uploads\/2024\/09\/pexels-pixabay-267582-800x533.jpg 800w, https:\/\/formacao.marisaleal.pt\/wp-content\/uploads\/2024\/09\/pexels-pixabay-267582-1280x853.jpg 1280w, https:\/\/formacao.marisaleal.pt\/wp-content\/uploads\/2024\/09\/pexels-pixabay-267582-1920x1280.jpg 1920w\" sizes=\"auto, (max-width: 1024px) 100vw, 1024px\" \/><\/figure><\/div>\n<\/div>\n<\/div><\/div>\n\n\n\n<div class=\"wp-block-group alignfull has-background is-layout-flow wp-block-group-is-layout-flow\" id=\"services\" style=\"background-color:#ececec\">\t\t\n\t\t\n\t\t<style>\n\t\t\n\t\t#list_69ef563ae6b4f .wpucv-list article.wpucv-featured-post h2.wpucv-post-title {\n\t\t\t\t\t\tfont-size: 20px !important;\n\t\t\t\t\t\t\n\t\t\t\t\t\tline-height: 26px !important;\n\t\t\t\t\t\t\n\t\t\t\t\t\tfont-weight: 700 !important;\n\t\t\t\t\t}\n\t\t\n\t\t\t\t#list_69ef563ae6b4f .wpucv-list article.wpucv-featured-post .wpucv-post-title,\n\t\t#list_69ef563ae6b4f .wpucv-list article.wpucv-featured-post .wpucv-post-title a,\n\t\t#list_69ef563ae6b4f .wpucv-list article.wpucv-featured-post .wpucv-post-title a:visited{\n\t\t\tcolor: #232323 !important;\n\t\t}\n\t\t\t\t\n\t\t\t\t#list_69ef563ae6b4f .wpucv-list article.wpucv-featured-post .wpucv-post-title a:hover,\n\t\t#list_69ef563ae6b4f .wpucv-list article.wpucv-featured-post .wpucv-post-title a:active {\n\t\t\tcolor: #232323 !important;\n\t\t}\n\t\t\t\t\n\t\t#list_69ef563ae6b4f .wpucv-list article.wpucv-featured-post .wpucv-post-meta,\n\t\t#list_69ef563ae6b4f .wpucv-list article.wpucv-featured-post .wpucv-post-meta a{\n\t\t\t\t\t\tfont-size: 12px !important;\n\t\t\t\t\t\t\n\t\t\t\t\t\tline-height: 16px !important;\n\t\t\t\t\t\t\n\t\t\t\t\t\tfont-weight: 400 !important;\n\t\t\t\t\t\t\n\t\t\t\t\t\tcolor: #888888 !important;\n\t\t\t\t\t}\n\t\t\n\t\t#list_69ef563ae6b4f .wpucv-list article.wpucv-featured-post p.wpucv-excerpt{\n\t\t\t\t\t\tfont-size: 13px !important;\n\t\t\t\t\t\t\n\t\t\t\t\t\tline-height: 17px !important;\n\t\t\t\t\t\t\n\t\t\t\t\t\tfont-weight: 400 !important;\n\t\t\t\t\t\t\n\t\t\t\t\t\tcolor: #333333 !important;\n\t\t\t\t\t}\n\t\t\n\t\t#list_69ef563ae6b4f .wpucv-list article.wpucv-featured-post a.wpucv-read-more,\n\t\t#list_69ef563ae6b4f .wpucv-list article.wpucv-featured-post a.wpucv-read-more.wpucv-button{\n\t\t\t\t\t\tcolor: #FFFFFF !important;\n\t\t\t\t\t\t\n\t\t\t\t\t\tfont-size: 14px !important;\n\t\t\t\t\t\t\n\t\t\t\t\t\tline-height: 14px !important;\n\t\t\t\t\t\t\n\t\t\t\t\t\tfont-weight: 400 !important;\n\t\t\t\t\t\t\n\t\t\t-webkit-transition: all 0.7s !important;\n\t\t\t-moz-transition: all 0.7s !important;\n\t\t\t-o-transition: all 0.7s !important;\n\t\t\ttransition: all 0.7s !important;\n\t\t}\n\t\t\n\t\t\t\t#list_69ef563ae6b4f .wpucv-list article.wpucv-featured-post a.wpucv-read-more,\n\t\t#list_69ef563ae6b4f .wpucv-list article.wpucv-featured-post a.wpucv-read-more.wpucv-button{\n\t\t\tbackground-color: #5e5e5e !important;\n\t\t}\n\t\t\t\t\n\t\t\t\t#list_69ef563ae6b4f .wpucv-list article.wpucv-featured-post a.wpucv-read-more:hover,\n\t\t#list_69ef563ae6b4f .wpucv-list article.wpucv-featured-post a.wpucv-read-more:active,\n\t\t#list_69ef563ae6b4f .wpucv-list article.wpucv-featured-post a.wpucv-read-more.wpucv-button:hover,\n\t\t#list_69ef563ae6b4f .wpucv-list article.wpucv-featured-post a.wpucv-read-more.wpucv-button:active{\n\t\t\tcolor: #FFFFFF !important;\n\t\t}\n\t\t\t\t\n\t\t\t\t#list_69ef563ae6b4f .wpucv-list article.wpucv-featured-post a.wpucv-read-more.wpucv-button:hover,\n\t\t#list_69ef563ae6b4f .wpucv-list article.wpucv-featured-post a.wpucv-read-more.wpucv-button:active{\n\t\t\tbackground-color: #5e5e5e !important;\n\t\t}\n\t\t\t\t\n\t\t#list_69ef563ae6b4f .wpucv-list article h2.wpucv-post-title{\n\t\t\t\t\t\tfont-size: 20px !important;\n\t\t\t\t\t\t\n\t\t\t\t\t\tline-height: 26px !important;\n\t\t\t\t\t\t\n\t\t\t\t\t\tfont-weight: 700 !important;\n\t\t\t\t\t}\n\t\t\n\t\t\t\t#list_69ef563ae6b4f .wpucv-list article .wpucv-post-title,\n\t\t#list_69ef563ae6b4f .wpucv-list article .wpucv-post-title a,\n\t\t#list_69ef563ae6b4f .wpucv-list article .wpucv-post-title a:visited{\n\t\t\tcolor: #232323 !important;\n\t\t}\n\t\t\t\t\n\t\t\t\t#list_69ef563ae6b4f .wpucv-list article .wpucv-post-title a:hover,\n\t\t#list_69ef563ae6b4f .wpucv-list article .wpucv-post-title a:active {\n\t\t\tcolor: #232323 !important;\n\t\t}\n\t\t\t\t\n\t\t#list_69ef563ae6b4f .wpucv-list article .wpucv-post-meta{\n\t\t\t\t\t\tfont-size: 12px !important;\n\t\t\t\t\t\t\n\t\t\t\t\t\tline-height: 22px !important;\n\t\t\t\t\t\t\n\t\t\t\t\t\tfont-weight: 400 !important;\n\t\t\t\t\t}\n\t\t\n\t\t\t\t#list_69ef563ae6b4f .wpucv-list article .wpucv-post-meta,\n\t\t#list_69ef563ae6b4f .wpucv-list article .wpucv-post-meta a,\n\t\t#list_69ef563ae6b4f .wpucv-list article .wpucv-post-meta a:visited,\n\t\t#list_69ef563ae6b4f .wpucv-list article .wpucv-post-meta a:hover,\n\t\t#list_69ef563ae6b4f .wpucv-list article .wpucv-post-meta a:active{\n\t\t\tcolor: #888888 !important;\n\t\t}\n\t\t\t\t\n\t\t#list_69ef563ae6b4f .wpucv-list article p.wpucv-excerpt{\n\t\t\t\t\t\tfont-size: 13px !important;\n\t\t\t\t\t\t\n\t\t\t\t\t\tline-height: 23px !important;\n\t\t\t\t\t\t\n\t\t\t\t\t\tfont-weight: 400 !important;\n\t\t\t\n\t\t\t\t\t\tcolor: #333333 !important;\n\t\t\t\t\t}\n\t\t\n\t\t#list_69ef563ae6b4f .wpucv-list article a.wpucv-read-more,\n\t\t#list_69ef563ae6b4f .wpucv-list article a.wpucv-read-more.wpucv-button{\n\t\t\t\t\t\tcolor: #FFFFFF !important;\n\t\t\t\t\t\t\n\t\t\t\t\t\tfont-size: 14px !important;\n\t\t\t\t\t\t\n\t\t\t\t\t\tline-height: 14px !important;\n\t\t\t\t\t\t\n\t\t\t\t\t\tfont-weight: 400 !important;\n\t\t\t\n\t\t\t-webkit-transition: all 0.7s !important;\n\t\t\t-moz-transition: all 0.7s !important;\n\t\t\t-o-transition: all 0.7s !important;\n\t\t\ttransition: all 0.7s !important;\n\t\t}\n\t\t\n\t\t\t\t#list_69ef563ae6b4f .wpucv-list article a.wpucv-read-more.wpucv-button{\n\t\t\tbackground-color: #037942 !important;\n\t\t}\n\t\t\t\t\n\t\t\t\t#list_69ef563ae6b4f .wpucv-list article a.wpucv-read-more:hover,\n\t\t#list_69ef563ae6b4f .wpucv-list article a.wpucv-read-more:active,\n\t\t#list_69ef563ae6b4f .wpucv-list article a.wpucv-read-more.wpucv-button:hover,\n\t\t#list_69ef563ae6b4f .wpucv-list article a.wpucv-read-more.wpucv-button:active{\n\t\t\tcolor: #FFFFFF !important;\n\t\t}\n\t\t\t\t\n\t\t\t\t#list_69ef563ae6b4f .wpucv-list article a.wpucv-read-more.wpucv-button:hover,\n\t\t#list_69ef563ae6b4f .wpucv-list article a.wpucv-read-more.wpucv-button:active{\n\t\t\tbackground-color: #13cc21 !important;\n\t\t}\n\t\t\t\t\n\t\t\t\t#list_69ef563ae6b4f .wpucv-pagination-wrapper .wpucv-pagination li a,\n\t\t#list_69ef563ae6b4f .wpucv-pagination-wrapper .wpucv-pagination li span{\n\t\t\tborder-radius: 50%;\n\t\t}\n\t\t\t\t\n\t\t#list_69ef563ae6b4f .wpucv-pagination-wrapper .wpucv-pagination li a{\n\t\t\t\t\t\tcolor: #FFFFFF !important;\n\t\t\t\t\t\t\n\t\t\t\t\t\tbackground-color: #037942 !important;\n\t\t\t\t\t}\n\t\t\n\t\t#list_69ef563ae6b4f .wpucv-pagination-wrapper .wpucv-pagination li a:hover,\n\t\t#list_69ef563ae6b4f .wpucv-pagination-wrapper .wpucv-pagination li span{\n\t\t\t\t\t\tcolor: #FFFFFF !important;\n\t\t\t\t\t\t\n\t\t\t\t\t\tbackground-color: #13cc21 !important;\n\t\t\t\t\t}\n\t\t\n\t\t\t\t\n\t\t\t\t\n\t\t\t\t#list_69ef563ae6b4f .wpucv-list.wpucv-style06 article {\n\t\t\t text-align: center;\n\t\t}\n\t\t\t\t\n\t\t\t\t\n\t\t\t\t\n\t\t\t\t#list_69ef563ae6b4f .wpucv-list.wpucv-style02 article {\n\t\t\tpadding-left: 10px !important;\n\t\t\tpadding-right: 10px !important;\n\t\t}\n\t\t\t\t\n\t\t\t\t#list_69ef563ae6b4f .wpucv-list.wpucv-style02 article {\n\t\t\tpadding-top: 10px !important;\n\t\t\tpadding-bottom: 10px !important;\n\t\t}\n\t\t\t\t\n\t\t\t\t#list_69ef563ae6b4f .wpucv-list.wpucv-style05 .cell {\n\t\t\tpadding: 5px !important;\n\t\t}\n\t\t\t\t\n\t\t\t\t<\/style>\n\t\t\t\t<div class=\"wpucv\" id=\"list_69ef563ae6b4f\">\n\t\t\t\t\t\t\t\t\t\t\t\n\t\t\t\t<div class=\"wpucv-list-wrapper\">\n\t\t\t\t\t\n<div class=\"wpucv-list wpucv-style02\">\n\t\t\t<p class=\"wpucv-no-found\">No posts found<\/p>\n\t<\/div>\t\t\t\t<\/div>\n\t\t\t\t\n\t\t\t\t\t\t\t\t<div class=\"wpucv-pagination-wrapper clearfix\">\n\t\t\t\t\t\t\t\t\t<\/div>\n\t\t\t\t\t\t\t\t\t<\/div>\n\t\t\n\n\n\n<div class=\"wp-block-columns is-layout-flex wp-container-core-columns-is-layout-23cffd99 wp-block-columns-is-layout-flex\" style=\"margin-top:50px\">\n<div class=\"wp-block-column is-layout-flow wp-block-column-is-layout-flow\"><\/div>\n<\/div>\n<\/div>\n\n\n\n<div class=\"wp-block-group alignfull has-background is-layout-constrained wp-container-core-group-is-layout-64045e40 wp-block-group-is-layout-constrained\" id=\"contact\" style=\"background:linear-gradient(142deg,rgb(0,0,0) 34%,rgb(181,178,178) 86%,rgb(246,246,246) 100%);padding-top:104px;padding-bottom:104px\">\n<h2 class=\"wp-block-heading has-text-align-center has-text-color\" style=\"color:#ffffff\">Entre em contacto conosco!<\/h2>\n\n\n\n<div class=\"wp-block-uagb-modal uagb-block-13c98f6d uagb-modal-wrapper\" data-escpress=\"disable\" data-overlayclick=\"disable\"><div class=\"uagb-spectra-button-wrapper wp-block-button\"><a class=\"uagb-modal-button-link wp-block-button__link uagb-modal-trigger\" href=\"#\" onclick=\"return false;\" target=\"_self\" rel=\"noopener noreferrer\"><span class=\"uagb-modal-content-wrapper\"><span class=\"uagb-inline-editing\">Contacte-nos<\/span><\/span><\/a><\/div><div class=\"uagb-effect-default uagb-modal-popup uagb-block-13c98f6d uagb-modal-type-undefined\"><div class=\"uagb-modal-popup-wrap\"><div class=\"uagb-modal-popup-content\">\n<p class=\"wp-block-paragraph\"><\/p>\n\n\n<div class=\"everest-forms\"><div class=\"evf-container default\" id=\"evf-784\"><form id=\"evf-form-784\" class=\"everest-form\" data-formid=\"784\" data-ajax_submission=\"0\" data-keyboard_friendly_form=\"0\" data-form_state_type=\"\" method=\"post\" enctype=\"multipart\/form-data\" action=\"\/index.php?rest_route=%2Fwp%2Fv2%2Fpages%2F873\"><div class=\"evf-field-container\"><input type=\"hidden\" id=\"_wpnonce784\" name=\"_wpnonce784\" value=\"9ae2a1428d\" \/><input type=\"hidden\" name=\"_wp_http_referer\" value=\"\/index.php?rest_route=%2Fwp%2Fv2%2Fpages%2F873\" \/><input type='hidden' id='evf_submission_start_time' name='evf_submission_start_time'\/><div class=\"evf-frontend-row\" data-row=\"row_1\" conditional_rules=\"[]\"><div class=\"evf-frontend-grid evf-grid-1\" data-grid=\"grid_1\"><div id=\"evf-784-field_fullname-container\" class=\"evf-field evf-field-text form-row validate-required\" data-required-field-message=\"Este campo \u00e9 de preenchimento obrigat\u00f3rio.\" data-field-id=\"fullname\"><label class=\"evf-field-label evf-label-hide\" for=\"evf-784-field_fullname\"><span class=\"evf-label\">Nome<\/span> <abbr class=\"required\" title=\"Required\">*<\/abbr><\/label><input type=\"text\" id=\"evf-784-field_fullname\" class=\"input-text everest-forms-min-characters-length-enabled\" data-form-id=\"784\" data-field-id=\"fullname\" data-text-min-length=\"10\" name=\"everest_forms[form_fields][fullname]\" placeholder=\"Nome\" minlength=\"10\" required><\/div><div id=\"evf-784-field_aEpQUaN9s6-2-container\" class=\"evf-field evf-field-phone form-row validate-required validate-phone\" data-required-field-message=\"\" data-field-id=\"aEpQUaN9s6-2\"><label class=\"evf-field-label evf-label-hide\" for=\"evf-784-field_aEpQUaN9s6-2\"><span class=\"evf-label\">Telefone<\/span> <abbr class=\"required\" title=\"Required\">*<\/abbr><\/label><input type=\"tel\" id=\"evf-784-field_aEpQUaN9s6-2\" class=\"input-text evf-smart-phone-field\" data-rule-smart-phone-field=\"true\" name=\"everest_forms[form_fields][aEpQUaN9s6-2]\" placeholder=\"Telefone\" required><\/div><div id=\"evf-784-field_email-container\" class=\"evf-field evf-field-email form-row validate-required validate-email\" data-required-field-message=\"Introduza um endere\u00e7o de e-mail v\u00e1lido.\" data-field-id=\"email\"><label class=\"evf-field-label evf-label-hide\" for=\"evf-784-field_email\"><span class=\"evf-label\">e-mail<\/span> <abbr class=\"required\" title=\"Required\">*<\/abbr><\/label><input type=\"email\" id=\"evf-784-field_email\" class=\"input-text\" name=\"everest_forms[form_fields][email]\" placeholder=\"E-mail\" required ><\/div><div id=\"evf-784-field_subject-container\" class=\"evf-field evf-field-text form-row validate-required\" data-required-field-message=\"Este campo \u00e9 de preenchimento obrigat\u00f3rio.\" data-field-id=\"subject\"><label class=\"evf-field-label evf-label-hide\" for=\"evf-784-field_subject\"><span class=\"evf-label\">Assunto<\/span> <abbr class=\"required\" title=\"Required\">*<\/abbr><\/label><input type=\"text\" id=\"evf-784-field_subject\" class=\"input-text everest-forms-min-characters-length-enabled\" data-form-id=\"784\" data-field-id=\"subject\" data-text-min-length=\"5\" name=\"everest_forms[form_fields][subject]\" placeholder=\"Assunto\" minlength=\"5\" required><\/div><div id=\"evf-784-field_message-container\" class=\"evf-field evf-field-textarea form-row validate-required\" data-required-field-message=\"Este campo \u00e9 de preenchimento obrigat\u00f3rio.\" data-field-id=\"message\"><label class=\"evf-field-label evf-label-hide\" for=\"evf-784-field_message\"><span class=\"evf-label\">Mensagem<\/span> <abbr class=\"required\" title=\"Required\">*<\/abbr><\/label><textarea id=\"evf-784-field_message\" class=\"input-text everest-forms-min-characters-length-enabled\" data-form-id=\"784\" data-field-id=\"message\" data-text-min-length=\"15\" name=\"everest_forms[form_fields][message]\" placeholder=\"Mensagem\" minlength=\"15\" required ><\/textarea><\/div><div id=\"evf-784-field_OdyV2FAPUp-3-container\" class=\"evf-field evf-field-privacy-policy form-row validate-required\" data-required-field-message=\"Este campo \u00e9 de preenchimento obrigat\u00f3rio.\" data-field-id=\"OdyV2FAPUp-3\"><label class=\"evf-field-label\" for=\"evf-784-field_OdyV2FAPUp-3\"><span class=\"evf-label\">Prote\u00e7\u00e3o de dados:<\/span> <abbr class=\"required\" title=\"Required\">*<\/abbr><\/label><input type=\"checkbox\" value=\"Ao submeter este formul\u00e1rio, autoriza a MARISA LEAL a utilizar os dados aqui fornecidos para o efeito \u00fanico de comunica\u00e7\u00e3o posterior por telefone, e-mail, em fun\u00e7\u00e3o dos dados fornecidos e do teor espec\u00edfico da mensagem.\" id=\"evf-784-field_OdyV2FAPUp-3\" class=\"input-text\" name=\"everest_forms[form_fields][OdyV2FAPUp-3]\" required \/><label class=\"evf-privacy-policy-consent-message\" for=\"evf-784-field_OdyV2FAPUp-3\">Ao submeter este formul\u00e1rio, autoriza a MARISA LEAL a utilizar os dados aqui fornecidos para o efeito \u00fanico de comunica\u00e7\u00e3o posterior por telefone, e-mail, em fun\u00e7\u00e3o dos dados fornecidos e do teor espec\u00edfico da mensagem.<\/label><div class=\"evf-privacy-policy-local-page-contents\"><\/div><\/div><div id=\"evf-784-field_su60IxzEfv-4-container\" class=\"evf-field evf-field-recaptcha form-row\" data-field-id=\"su60IxzEfv-4\"><label class=\"evf-field-label\" for=\"evf-784-field_su60IxzEfv-4\"><span class=\"evf-label\">reCaptcha<\/span> <\/label><div class=\"evf-recaptcha-container \" style=\"display:block\"><div class=\"g-recaptcha\" data-sitekey=\"6LeVwTEoAAAAAH8RaGc60OghQJu3NLJqecpqR0eK\"><\/div><\/div><\/div><\/div><\/div><\/div><div class=\"evf-honeypot-container evf-field-hp\"><label for=\"evf-784-field-hp\" class=\"evf-field-label\">Name<\/label><input type=\"text\" name=\"everest_forms[hp]\" id=\"evf-784-field-hp\" class=\"input-text\"><\/div><div class=\"evf-submit-container \" ><input type=\"hidden\" name=\"everest_forms[id]\" value=\"784\"><input type=\"hidden\" name=\"everest_forms[author]\" value=\"1\"><button type='submit' name='everest_forms[submit]' class='everest-forms-submit-button button evf-submit ' id='evf-submit-784' value='evf-submit' data-process-text=\"A processar\u2026\" conditional_rules='&quot;&quot;' conditional_id='evf-submit-784'  id=\"evf-submit-784\" aria-live=\"assertive\">Enviar<\/button><\/div><\/form><\/div><!-- .evf-container --><\/div>\n<\/div><button class=\"uagb-modal-popup-close\" aria-label=\"Close Modal\"><svg xmlns=\"https:\/\/www.w3.org\/2000\/svg\" viewBox=\"0 0 320 512\"><path d=\"M310.6 361.4c12.5 12.5 12.5 32.75 0 45.25C304.4 412.9 296.2 416 288 416s-16.38-3.125-22.62-9.375L160 301.3L54.63 406.6C48.38 412.9 40.19 416 32 416S15.63 412.9 9.375 406.6c-12.5-12.5-12.5-32.75 0-45.25l105.4-105.4L9.375 150.6c-12.5-12.5-12.5-32.75 0-45.25s32.75-12.5 45.25 0L160 210.8l105.4-105.4c12.5-12.5 32.75-12.5 45.25 0s12.5 32.75 0 45.25l-105.4 105.4L310.6 361.4z\"><\/path><\/svg><\/button><\/div><\/div><\/div>\n<\/div>\n","protected":false},"excerpt":{"rendered":"<p>Entre em contacto conosco!<\/p>\n","protected":false},"author":1,"featured_media":0,"parent":0,"menu_order":0,"comment_status":"closed","ping_status":"closed","template":"","meta":{"_coblocks_attr":"","_coblocks_dimensions":"","_coblocks_responsive_height":"","_coblocks_accordion_ie_support":"","_crdt_document":"","_uag_custom_page_level_css":"","site-sidebar-layout":"no-sidebar","site-content-layout":"plain-container","ast-site-content-layout":"default","site-content-style":"default","site-sidebar-style":"default","ast-global-header-display":"","ast-banner-title-visibility":"","ast-main-header-display":"","ast-hfb-above-header-display":"","ast-hfb-below-header-display":"","ast-hfb-mobile-header-display":"","site-post-title":"disabled","ast-breadcrumbs-content":"","ast-featured-img":"","footer-sml-layout":"","ast-disable-related-posts":"","theme-transparent-header-meta":"enabled","adv-header-id-meta":"","stick-header-meta":"","header-above-stick-meta":"","header-main-stick-meta":"","header-below-stick-meta":"","astra-migrate-meta-layouts":"","ast-page-background-enabled":"default","ast-page-background-meta":{"desktop":{"background-color":"var(--ast-global-color-4)","background-image":"","background-repeat":"repeat","background-position":"center center","background-size":"auto","background-attachment":"scroll","background-type":"","background-media":"","overlay-type":"","overlay-color":"","overlay-opacity":"","overlay-gradient":""},"tablet":{"background-color":"","background-image":"","background-repeat":"repeat","background-position":"center center","background-size":"auto","background-attachment":"scroll","background-type":"","background-media":"","overlay-type":"","overlay-color":"","overlay-opacity":"","overlay-gradient":""},"mobile":{"background-color":"","background-image":"","background-repeat":"repeat","background-position":"center center","background-size":"auto","background-attachment":"scroll","background-type":"","background-media":"","overlay-type":"","overlay-color":"","overlay-opacity":"","overlay-gradient":""}},"ast-content-background-meta":{"desktop":{"background-color":"var(--ast-global-color-5)","background-image":"","background-repeat":"repeat","background-position":"center center","background-size":"auto","background-attachment":"scroll","background-type":"","background-media":"","overlay-type":"","overlay-color":"","overlay-opacity":"","overlay-gradient":""},"tablet":{"background-color":"var(--ast-global-color-5)","background-image":"","background-repeat":"repeat","background-position":"center center","background-size":"auto","background-attachment":"scroll","background-type":"","background-media":"","overlay-type":"","overlay-color":"","overlay-opacity":"","overlay-gradient":""},"mobile":{"background-color":"var(--ast-global-color-5)","background-image":"","background-repeat":"repeat","background-position":"center center","background-size":"auto","background-attachment":"scroll","background-type":"","background-media":"","overlay-type":"","overlay-color":"","overlay-opacity":"","overlay-gradient":""}},"footnotes":""},"class_list":["post-873","page","type-page","status-publish","hentry"],"uagb_featured_image_src":{"full":false,"thumbnail":false,"medium":false,"medium_large":false,"large":false,"1536x1536":false,"2048x2048":false,"wpucv-grid-three":false,"wpucv-grid-two":false,"wpucv-grid-one":false,"wpucv-classic":false,"wpucv-classic-small":false,"wpucv-galary":false},"uagb_author_info":{"display_name":false,"author_link":"https:\/\/formacao.marisaleal.pt\/?author=1"},"uagb_comment_info":0,"uagb_excerpt":"Entre em contacto conosco!","_links":{"self":[{"href":"https:\/\/formacao.marisaleal.pt\/index.php?rest_route=\/wp\/v2\/pages\/873","targetHints":{"allow":["GET"]}}],"collection":[{"href":"https:\/\/formacao.marisaleal.pt\/index.php?rest_route=\/wp\/v2\/pages"}],"about":[{"href":"https:\/\/formacao.marisaleal.pt\/index.php?rest_route=\/wp\/v2\/types\/page"}],"author":[{"embeddable":true,"href":"https:\/\/formacao.marisaleal.pt\/index.php?rest_route=\/wp\/v2\/users\/1"}],"replies":[{"embeddable":true,"href":"https:\/\/formacao.marisaleal.pt\/index.php?rest_route=%2Fwp%2Fv2%2Fcomments&post=873"}],"version-history":[{"count":6,"href":"https:\/\/formacao.marisaleal.pt\/index.php?rest_route=\/wp\/v2\/pages\/873\/revisions"}],"predecessor-version":[{"id":930,"href":"https:\/\/formacao.marisaleal.pt\/index.php?rest_route=\/wp\/v2\/pages\/873\/revisions\/930"}],"wp:attachment":[{"href":"https:\/\/formacao.marisaleal.pt\/index.php?rest_route=%2Fwp%2Fv2%2Fmedia&parent=873"}],"curies":[{"name":"wp","href":"https:\/\/api.w.org\/{rel}","templated":true}]}}